{"id":3,"date":"2021-03-09T11:14:36","date_gmt":"2021-03-09T10:14:36","guid":{"rendered":"http:\/\/campihu.cluster030.hosting.ovh.net\/?page_id=3"},"modified":"2021-04-16T17:29:16","modified_gmt":"2021-04-16T15:29:16","slug":"politique-de-confidentialite","status":"publish","type":"page","link":"https:\/\/www.campings-gard.fr\/fr\/politique-de-confidentialite\/","title":{"rendered":"Politique de confidentialit\u00e9"},"content":{"rendered":"\r\n<h2 class=\"wp-block-heading\">Qui sommes-nous\u00a0?<\/h2>\r\n\r\n\r\n\r\n<p>L\u2019adresse de notre site Web est : http:\/\/www.campings-gard.fr.<\/p>\r\n\r\n\r\n\r\n<h2 class=\"wp-block-heading\">Utilisation des donn\u00e9es personnelles collect\u00e9es<\/h2>\r\n<p>Conform\u00e9ment \u00e0 la loi \u00ab Informatique et Libert\u00e9 \u00bb du 06 Janvier 1978, vous disposez d&rsquo;un droit d&rsquo;acc\u00e8s et de rectification des donn\u00e9es vous concernant. Pour cela il suffit de nous contacter en nous indiquant vos coordonn\u00e9es.<\/p>\r\n<p>Le r\u00e8glement g\u00e9n\u00e9ral sur la protection des donn\u00e9es (RGPD) entr\u00e9 en vigueur dans tous les pays de l\u2019union europ\u00e9enne depuis le 25 mai 2018, nous impose de pr\u00e9senter notre politique de confidentialit\u00e9 des donn\u00e9es.<\/p>\r\n<p>Lors de votre navigation sur le site internet nous vous demandons de nous fournir diff\u00e9rentes donn\u00e9es personnelles, en particulier lorsque vous faites une r\u00e9servation.<\/p>\r\n<p>Les donn\u00e9es demand\u00e9es sont les suivantes :<\/p>\r\n<ul>\r\n<li>Vos coordonn\u00e9es : nom, pr\u00e9nom, date de naissance, lieux de naissance, adresse personnelle, adresse e-mail, num\u00e9ro de t\u00e9l\u00e9phone et de fax, num\u00e9ro de portable, num\u00e9ro de carte d\u2019identit\u00e9, plaque d\u2019immatriculation.<\/li>\r\n<li>Les informations sur les accompagnants : nom, pr\u00e9nom, date et lieux de naissance, pour lesquels vous vous engagez \u00e0 obtenir les accords pr\u00e9alables.<\/li>\r\n<li>Les informations de paiement (mode de paiement, somme vers\u00e9e).<\/li>\r\n<\/ul>\r\n<p>Vos donn\u00e9es recueillies sont utilis\u00e9es pour :<\/p>\r\n<ul>\r\n<li>G\u00e9rer et valider une r\u00e9servation : percevoir le paiement, vous confirmer votre r\u00e9servation et vous envoyer par SMS, par email ou via l\u2019application mobile des informations relatives \u00e0 votre s\u00e9jour.<\/li>\r\n<li>R\u00e9pondre \u00e0 vos demandes, attentes et r\u00e9clamations lorsque vous utilisez notre formulaire de contact ou notre tchat, en assurer le suivi et am\u00e9liorer le service client<\/li>\r\n<\/ul>\r\n<p>En visitant notre site, un \u00ab\u00a0cookie\u00a0\u00bb\u00a0(petit fichier texte)\u00a0permanent vous sera attribu\u00e9 et sera stock\u00e9 sur le disque dur de votre ordinateur. Le cookie permet de vous identifier lorsque vous visitez notre site afin que nous puissions am\u00e9liorer votre navigation sur le site et personnaliser votre exp\u00e9rience en ligne.<\/p>\r\n<p>Nous recueillons \u00e9galement des informations techniques sur votre ordinateur chaque fois que vous ouvrez une page lors de votre visite sur nos sites. Ces informations portent sur votre adresse IP\u00a0(protocole Internet), le syst\u00e8me d&rsquo;exploitation utilis\u00e9, le type de navigateur et l&rsquo;adresse d&rsquo;un site Web de provenance, le cas \u00e9ch\u00e9ant. Nous recueillons ces informations pour am\u00e9liorer la qualit\u00e9 de votre exp\u00e9rience pendant votre visite sur notre site, et nous ne vendons ni ne c\u00e9dons ces informations \u00e0 des tierces parties.<\/p>\r\n<p>La plupart des navigateurs acceptent automatiquement ces cookies, mais vous pouvez les supprimer ou activer le rejet des cookies. Chaque navigateur \u00e9tant diff\u00e9rent, vous devez v\u00e9rifier dans le menu \u00ab\u00a0Aide\u00a0\u00bb de votre navigateur comment modifier les pr\u00e9f\u00e9rences en mati\u00e8re de cookies. Le comportement du site reste le m\u00eame et l\u2019ensemble des fonctionnalit\u00e9s sont accessibles.<\/p>\r\n<p>Afin de prot\u00e9ger vos donn\u00e9es, une proc\u00e9dure de s\u00e9curit\u00e9 rigoureuse a \u00e9t\u00e9 mise en place. Les donn\u00e9es utilis\u00e9es sont crypt\u00e9es et prot\u00e9g\u00e9es au moyen du protocole SSL (Secure Socket Layer) afin de les g\u00e9rer, les transf\u00e9rer en toute suret\u00e9 via une connexion s\u00e9curis\u00e9e sur un r\u00e9seau d\u00e9di\u00e9.<\/p>\r\n<p>Nous conservons vos donn\u00e9es personnelles le temps n\u00e9cessaire pour r\u00e9aliser les prestations et services mentionn\u00e9s ci-dessus. Si vous disposez d\u2019une compte client, vos donn\u00e9es sont conserv\u00e9es pendant la p\u00e9riode d\u2019utilisation de ce compte.<\/p>\r\n<p>Les donn\u00e9es personnelles relatives \u00e0 vos r\u00e9servations sont quant \u00e0 elles conserv\u00e9es plus longtemps afin de nous satisfaire \u00e0 des obligations l\u00e9gales (telles que la r\u00e8glementation fiscale ou en mati\u00e8re de vente et \u00e0 des fins de garantie).<\/p>\r\n<p>Conform\u00e9ment \u00e0 la loi, vous avez le droit de connaitre la nature des donn\u00e9es personnelles collect\u00e9es, d\u2019acc\u00e9der, de rectifier, de mettre \u00e0 jour ou de supprimer ces donn\u00e9es. Vous pouvez modifier vos pr\u00e9f\u00e9rences concernant le traitement de vos informations personnelles (profilage, abonnement newsletter\u2026), demander le transfert de vos informations \u00e0 votre profit ou bien \u00e0 celui d\u2019un tiers.<\/p>\r\n<p>Pour exercer l\u2019ensemble de ces droits, vous pouvez contacter le si\u00e8ge de l\u2019association des Campings Vall\u00e9es et Collines Gardoises.<\/p>\r\n<p>&nbsp;<\/p>\r\n\r\n\r\n","protected":false},"excerpt":{"rendered":"<p>Qui sommes-nous\u00a0? L\u2019adresse de notre site Web est : http:\/\/www.campings-gard.fr. Utilisation des donn\u00e9es personnelles collect\u00e9es Conform\u00e9ment \u00e0 la loi \u00ab Informatique et Libert\u00e9 \u00bb du 06 Janvier 1978, vous disposez d&rsquo;un droit d&rsquo;acc\u00e8s et de rectification des donn\u00e9es vous concernant. Pour cela il suffit de nous contacter en nous indiquant vos coordonn\u00e9es. Le r\u00e8glement g\u00e9n\u00e9ral [&hellip;]<\/p>\n","protected":false},"author":1,"featured_media":0,"parent":0,"menu_order":0,"comment_status":"closed","ping_status":"open","template":"","meta":{"site-sidebar-layout":"default","site-content-layout":"default","ast-site-content-layout":"default","site-content-style":"default","site-sidebar-style":"default","ast-global-header-display":"","ast-banner-title-visibility":"","ast-main-header-display":"","ast-hfb-above-header-display":"","ast-hfb-below-header-display":"","ast-hfb-mobile-header-display":"","site-post-title":"","ast-breadcrumbs-content":"","ast-featured-img":"","footer-sml-layout":"","theme-transparent-header-meta":"default","adv-header-id-meta":"","stick-header-meta":"","header-above-stick-meta":"","header-main-stick-meta":"","header-below-stick-meta":"","astra-migrate-meta-layouts":"default","ast-page-background-enabled":"default","ast-page-background-meta":{"desktop":{"background-color":"","background-image":"","background-repeat":"repeat","background-position":"center center","background-size":"auto","background-attachment":"scroll","background-type":"","background-media":"","overlay-type":"","overlay-color":"","overlay-opacity":"","overlay-gradient":""},"tablet":{"background-color":"","background-image":"","background-repeat":"repeat","background-position":"center center","background-size":"auto","background-attachment":"scroll","background-type":"","background-media":"","overlay-type":"","overlay-color":"","overlay-opacity":"","overlay-gradient":""},"mobile":{"background-color":"","background-image":"","background-repeat":"repeat","background-position":"center center","background-size":"auto","background-attachment":"scroll","background-type":"","background-media":"","overlay-type":"","overlay-color":"","overlay-opacity":"","overlay-gradient":""}},"ast-content-background-meta":{"desktop":{"background-color":"var(--ast-global-color-5)","background-image":"","background-repeat":"repeat","background-position":"center center","background-size":"auto","background-attachment":"scroll","background-type":"","background-media":"","overlay-type":"","overlay-color":"","overlay-opacity":"","overlay-gradient":""},"tablet":{"background-color":"var(--ast-global-color-5)","background-image":"","background-repeat":"repeat","background-position":"center center","background-size":"auto","background-attachment":"scroll","background-type":"","background-media":"","overlay-type":"","overlay-color":"","overlay-opacity":"","overlay-gradient":""},"mobile":{"background-color":"var(--ast-global-color-5)","background-image":"","background-repeat":"repeat","background-position":"center center","background-size":"auto","background-attachment":"scroll","background-type":"","background-media":"","overlay-type":"","overlay-color":"","overlay-opacity":"","overlay-gradient":""}},"advanced_seo_description":"","jetpack_seo_html_title":"","jetpack_seo_noindex":false,"footnotes":""},"class_list":["post-3","page","type-page","status-publish","hentry"],"jetpack_sharing_enabled":true,"_links":{"self":[{"href":"https:\/\/www.campings-gard.fr\/fr\/wp-json\/wp\/v2\/pages\/3","targetHints":{"allow":["GET"]}}],"collection":[{"href":"https:\/\/www.campings-gard.fr\/fr\/wp-json\/wp\/v2\/pages"}],"about":[{"href":"https:\/\/www.campings-gard.fr\/fr\/wp-json\/wp\/v2\/types\/page"}],"author":[{"embeddable":true,"href":"https:\/\/www.campings-gard.fr\/fr\/wp-json\/wp\/v2\/users\/1"}],"replies":[{"embeddable":true,"href":"https:\/\/www.campings-gard.fr\/fr\/wp-json\/wp\/v2\/comments?post=3"}],"version-history":[{"count":1,"href":"https:\/\/www.campings-gard.fr\/fr\/wp-json\/wp\/v2\/pages\/3\/revisions"}],"predecessor-version":[{"id":1792,"href":"https:\/\/www.campings-gard.fr\/fr\/wp-json\/wp\/v2\/pages\/3\/revisions\/1792"}],"wp:attachment":[{"href":"https:\/\/www.campings-gard.fr\/fr\/wp-json\/wp\/v2\/media?parent=3"}],"curies":[{"name":"wp","href":"https:\/\/api.w.org\/{rel}","templated":true}]}}